{"id":49,"date":"2020-10-06T08:35:55","date_gmt":"2020-10-06T05:35:55","guid":{"rendered":"https:\/\/techlink.qodeinteractive.com\/?page_id=49"},"modified":"2024-09-30T11:55:00","modified_gmt":"2024-09-30T08:55:00","slug":"green-digital-skills-development","status":"publish","type":"page","link":"https:\/\/www.polygonalnorth.fi\/fi\/green-digital-skills-development\/","title":{"rendered":"Vihreiden digitaalisten taitojen kehitt\u00e4minen"},"content":{"rendered":"<div data-elementor-type=\"wp-page\" data-elementor-id=\"49\" class=\"elementor elementor-49\">\n\t\t\t\t\t\t<section class=\"elementor-section elementor-top-section elementor-element elementor-element-260583f elementor-section-full_width elementor-section-height-default elementor-section-height-default qodef-elementor-content-no\" data-id=\"260583f\" data-element_type=\"section\">\n\t\t\t\t\t\t<div class=\"elementor-container elementor-column-gap-default\">\n\t\t\t\t\t<div class=\"elementor-column elementor-col-100 elementor-top-column elementor-element elementor-element-965d55a\" data-id=\"965d55a\" data-element_type=\"column\">\n\t\t\t<div class=\"elementor-widget-wrap\">\n\t\t\t\t\t\t\t<\/div>\n\t\t<\/div>\n\t\t\t\t\t<\/div>\n\t\t<\/section>\n\t\t\t\t<section class=\"elementor-section elementor-top-section elementor-element elementor-element-7aba042 elementor-section-full_width elementor-section-height-default elementor-section-height-default qodef-elementor-content-no\" data-id=\"7aba042\" data-element_type=\"section\">\n\t\t\t\t\t\t<div class=\"elementor-container elementor-column-gap-default\">\n\t\t\t\t\t<div class=\"elementor-column elementor-col-100 elementor-top-column elementor-element elementor-element-5699a1a\" data-id=\"5699a1a\" data-element_type=\"column\">\n\t\t\t<div class=\"elementor-widget-wrap\">\n\t\t\t\t\t\t\t<\/div>\n\t\t<\/div>\n\t\t\t\t\t<\/div>\n\t\t<\/section>\n\t\t\t\t<section class=\"elementor-section elementor-top-section elementor-element elementor-element-a280ebf elementor-section-full_width elementor-section-height-default elementor-section-height-default qodef-elementor-content-no\" data-id=\"a280ebf\" data-element_type=\"section\">\n\t\t\t\t\t\t<div class=\"elementor-container elementor-column-gap-default\">\n\t\t\t\t\t<div class=\"elementor-column elementor-col-100 elementor-top-column elementor-element elementor-element-1653e74\" data-id=\"1653e74\" data-element_type=\"column\">\n\t\t\t<div class=\"elementor-widget-wrap elementor-element-populated\">\n\t\t\t\t\t\t<div class=\"elementor-element elementor-element-da272e5 elementor-widget__width-initial elementor-widget-tablet__width-initial elementor-widget-mobile__width-initial elementor-widget elementor-widget-techlink_core_section_title\" data-id=\"da272e5\" data-element_type=\"widget\" data-widget_type=\"techlink_core_section_title.default\">\n\t\t\t\t<div class=\"elementor-widget-container\">\n\t\t\t\t\t<div class=\"qodef-shortcode qodef-m  qodef-section-title qodef-alignment--center\">\n\t\t<div class=\"qodef-m-background-text\" >2021<\/div>\n\t<div class=\"qodef-m-content\">\n\t\t\t<div class=\"qodef-m-subtitle\" style=\"margin-bottom: 4px;font-size:13px\">\n\t\tTulevaisuuden ty\u00f6voiman valmentaminen kest\u00e4v\u00e4\u00e4 ja digitaalista taloutta varten\t<\/div>\n\t\t\t<h2 class=\"qodef-m-title\" >\n\t\t\t\t\tVIHRE\u00c4N DIGITAALISEN OSAAMISEN KEHITT\u00c4MINEN\t\t\t<\/h2>\n\t\t\t<div class=\"qodef-m-text\" style=\"margin-top: 12px\">\n\t\tOikeat taidot ovat t\u00e4rke\u00e4mpi\u00e4 kuin koskaan aiemmin, kun toimialat siirtyv\u00e4t kohti kest\u00e4vyytt\u00e4 ja digitalisaatiota. [Yrityksesi nimi], Green-Digital Skills Development -ohjelmamme on suunniteltu valmistamaan organisaatioita ja yksil\u00f6it\u00e4 Twin Transitioniin - vihreiden k\u00e4yt\u00e4nt\u00f6jen ja digitaaliteknologioiden yhdist\u00e4miseen. Keskitymme varustamaan ty\u00f6voimasi olennaisilla tiedoilla ja taidoilla, jotta se voi menesty\u00e4 taloudessa, joka on sek\u00e4 ymp\u00e4rist\u00f6vastuullinen ett\u00e4 teknologisesti kehittynyt.\t<\/div>\n\t<\/div>\n<\/div>\t\t\t\t<\/div>\n\t\t\t\t<\/div>\n\t\t\t\t\t<\/div>\n\t\t<\/div>\n\t\t\t\t\t<\/div>\n\t\t<\/section>\n\t\t\t\t<section class=\"elementor-section elementor-top-section elementor-element elementor-element-a025a2a elementor-section-full_width qodef-elementor-content-grid elementor-section-height-default elementor-section-height-default qodef-reset-grid qodef-reset-grid--never\" data-id=\"a025a2a\" data-element_type=\"section\" data-settings=\"{&quot;background_background&quot;:&quot;classic&quot;}\">\n\t\t\t\t\t\t<div class=\"elementor-container elementor-column-gap-default\">\n\t\t\t\t\t<div class=\"elementor-column elementor-col-50 elementor-top-column elementor-element elementor-element-6db6fca\" data-id=\"6db6fca\" data-element_type=\"column\" data-settings=\"{&quot;background_background&quot;:&quot;classic&quot;}\">\n\t\t\t<div class=\"elementor-widget-wrap elementor-element-populated\">\n\t\t\t\t\t\t<div class=\"elementor-element elementor-element-fa864ca elementor-widget elementor-widget-techlink_core_floating_images\" data-id=\"fa864ca\" data-element_type=\"widget\" data-settings=\"{&quot;_animation_tablet&quot;:&quot;none&quot;}\" data-widget_type=\"techlink_core_floating_images.default\">\n\t\t\t\t<div class=\"elementor-widget-container\">\n\t\t\t\t\t<div class=\"qodef-shortcode qodef-m  qodef-floating-images qodef-alignment--left\">\n\t<div class=\"qodef-m-inner\">\n\t\t<div class=\"qodef-m-image-holder qodef-main-image-holder\">\n\t\t\t<div class=\"qodef-m-image-wrapper\">\n\t\t\t\t<img decoding=\"async\" class=\"qodef-m-main-image\"\n\t\t\t\t\tdata-width=\"70%\"\t\t\t\t\t\t\t\t\t\t src=\"https:\/\/www.polygonalnorth.fi\/wp-content\/uploads\/2020\/12\/h7-rev-img2.png\"\n\t\t\t\t\t alt=\"h7-rev-img2\"\/>\n\t\t\t<\/div>\n\t\t<\/div>\n\t\t<div class=\"qodef-m-image-holder qodef-aux-image-holder\">\n\t\t\t<div class=\"qodef-m-image-wrapper\">\n\t\t\t\t<img decoding=\"async\" class=\"qodef-m-aux-image\"\n\t\t\t\t\tdata-y=\"60%\" data-width=\"50%\"\t\t\t\t\t\t\t\t\t\t src=\"https:\/\/www.polygonalnorth.fi\/wp-content\/uploads\/2020\/12\/rev-imgnew2.png\"\n\t\t\t\t\t alt=\"rev-imgnew2\"\/>\n\t\t\t<\/div>\n\t\t<\/div>\n\t<\/div>\n<\/div>\n\t\t\t\t<\/div>\n\t\t\t\t<\/div>\n\t\t\t\t\t<\/div>\n\t\t<\/div>\n\t\t\t\t<div class=\"elementor-column elementor-col-50 elementor-top-column elementor-element elementor-element-47066e0\" data-id=\"47066e0\" data-element_type=\"column\">\n\t\t\t<div class=\"elementor-widget-wrap elementor-element-populated\">\n\t\t\t\t\t\t<div class=\"elementor-element elementor-element-c2f463e elementor-widget__width-inherit elementor-widget-tablet__width-auto elementor-widget-mobile__width-initial elementor-widget elementor-widget-techlink_core_section_title\" data-id=\"c2f463e\" data-element_type=\"widget\" data-widget_type=\"techlink_core_section_title.default\">\n\t\t\t\t<div class=\"elementor-widget-container\">\n\t\t\t\t\t<div class=\"qodef-shortcode qodef-m  qodef-section-title qodef-alignment--left\">\n\t\t<div class=\"qodef-m-background-text\" style=\"font-size:150\">01<\/div>\n\t<div class=\"qodef-m-content\">\n\t\t\t\t\t<h3 class=\"qodef-m-title\" >\n\t\t\t\t\tDigitaalisen ymp\u00e4rist\u00f6nvalvonnan koulutus\t\t\t<\/h3>\n\t\t\t<p class=\"qodef-m-text\" >\n\t\tSaat k\u00e4yt\u00e4nn\u00f6n kokemusta uusimpien digitaalisten ty\u00f6kalujen ja ohjelmistojen k\u00e4yt\u00f6st\u00e4 ymp\u00e4rist\u00f6parametrien, kuten ilmanlaadun, energiankulutuksen ja resurssien hallinnan, seurannassa. Opi hy\u00f6dynt\u00e4m\u00e4\u00e4n tietoja kest\u00e4v\u00e4n p\u00e4\u00e4t\u00f6ksenteon ja toiminnan tehokkuuden edist\u00e4miseksi.\t<\/p>\n\t<\/div>\n<\/div>\t\t\t\t<\/div>\n\t\t\t\t<\/div>\n\t\t\t\t\t<\/div>\n\t\t<\/div>\n\t\t\t\t\t<\/div>\n\t\t<\/section>\n\t\t\t\t<section class=\"elementor-section elementor-top-section elementor-element elementor-element-bf12bee elementor-section-full_width qodef-elementor-content-grid elementor-section-height-default elementor-section-height-default qodef-reset-grid qodef-reset-grid--never\" data-id=\"bf12bee\" data-element_type=\"section\">\n\t\t\t\t\t\t<div class=\"elementor-container elementor-column-gap-default\">\n\t\t\t\t\t<div class=\"elementor-column elementor-col-50 elementor-top-column elementor-element elementor-element-e16e504\" data-id=\"e16e504\" data-element_type=\"column\">\n\t\t\t<div class=\"elementor-widget-wrap elementor-element-populated\">\n\t\t\t\t\t\t<div class=\"elementor-element elementor-element-4023a6b elementor-widget__width-initial elementor-widget elementor-widget-techlink_core_section_title\" data-id=\"4023a6b\" data-element_type=\"widget\" data-widget_type=\"techlink_core_section_title.default\">\n\t\t\t\t<div class=\"elementor-widget-container\">\n\t\t\t\t\t<div class=\"qodef-shortcode qodef-m  qodef-section-title qodef-alignment--left\">\n\t\t<div class=\"qodef-m-background-text\" style=\"left: -8px\">02<\/div>\n\t<div class=\"qodef-m-content\">\n\t\t\t\t\t<h3 class=\"qodef-m-title\" >\n\t\t\t\t\tUusiutuvat energiaj\u00e4rjestelm\u00e4t ja digitaalinen integraatio\t\t\t<\/h3>\n\t\t\t<p class=\"qodef-m-text\" >\n\t\tKehitt\u00e4\u00e4 taitoja uusiutuvan energian j\u00e4rjestelmien, kuten aurinko-, tuuli- ja hybriditeknologioiden, toteuttamisessa ja hallinnoinnissa digitaalisten alustojen avulla. Ymm\u00e4rt\u00e4\u00e4, miten digitaalitekniikalla voidaan optimoida energian tuotanto, varastointi ja k\u00e4ytt\u00f6 mahdollisimman kest\u00e4v\u00e4n kehityksen saavuttamiseksi.\t<\/p>\n\t<\/div>\n<\/div>\t\t\t\t<\/div>\n\t\t\t\t<\/div>\n\t\t\t\t\t<\/div>\n\t\t<\/div>\n\t\t\t\t<div class=\"elementor-column elementor-col-50 elementor-top-column elementor-element elementor-element-36dad01\" data-id=\"36dad01\" data-element_type=\"column\">\n\t\t\t<div class=\"elementor-widget-wrap elementor-element-populated\">\n\t\t\t\t\t\t<div class=\"elementor-element elementor-element-77e6e18 elementor-widget elementor-widget-techlink_core_floating_images\" data-id=\"77e6e18\" data-element_type=\"widget\" data-widget_type=\"techlink_core_floating_images.default\">\n\t\t\t\t<div class=\"elementor-widget-container\">\n\t\t\t\t\t<div class=\"qodef-shortcode qodef-m  qodef-floating-images qodef-alignment--center\">\n\t<div class=\"qodef-m-inner\">\n\t\t<div class=\"qodef-m-image-holder qodef-main-image-holder\">\n\t\t\t<div class=\"qodef-m-image-wrapper\">\n\t\t\t\t<img decoding=\"async\" class=\"qodef-m-main-image\"\n\t\t\t\t\tdata-width=\"50%\"\t\t\t\t\t\t\t\t\t\t src=\"https:\/\/www.polygonalnorth.fi\/wp-content\/uploads\/2020\/11\/h12-portfolio-list-img2.jpg\"\n\t\t\t\t\t alt=\"h12-portfolio-list-img2\"\/>\n\t\t\t<\/div>\n\t\t<\/div>\n\t\t<div class=\"qodef-m-image-holder qodef-aux-image-holder\">\n\t\t\t<div class=\"qodef-m-image-wrapper\">\n\t\t\t\t<img decoding=\"async\" class=\"qodef-m-aux-image\"\n\t\t\t\t\tdata-y=\"70%\" data-width=\"100%\"\t\t\t\t\t\t\t\t\t\t src=\"https:\/\/www.polygonalnorth.fi\/wp-content\/uploads\/2021\/04\/WhatsApp-Image-2021-04-08-at-23.42.45.jpeg\"\n\t\t\t\t\t alt=\"WhatsApp Image 2021-04-08 at 23.42.45\"\/>\n\t\t\t<\/div>\n\t\t<\/div>\n\t<\/div>\n<\/div>\n\t\t\t\t<\/div>\n\t\t\t\t<\/div>\n\t\t\t\t\t<\/div>\n\t\t<\/div>\n\t\t\t\t\t<\/div>\n\t\t<\/section>\n\t\t\t\t<section class=\"elementor-section elementor-top-section elementor-element elementor-element-94ed303 elementor-section-full_width elementor-section-height-default elementor-section-height-default qodef-elementor-content-no\" data-id=\"94ed303\" data-element_type=\"section\">\n\t\t\t\t\t\t<div class=\"elementor-container elementor-column-gap-default\">\n\t\t\t\t\t<div class=\"elementor-column elementor-col-100 elementor-top-column elementor-element elementor-element-6324b20\" data-id=\"6324b20\" data-element_type=\"column\">\n\t\t\t<div class=\"elementor-widget-wrap\">\n\t\t\t\t\t\t\t<\/div>\n\t\t<\/div>\n\t\t\t\t\t<\/div>\n\t\t<\/section>\n\t\t\t\t<section class=\"elementor-section elementor-top-section elementor-element elementor-element-fb28aa8 elementor-section-full_width qodef-elementor-content-grid elementor-section-height-default elementor-section-height-default qodef-reset-grid qodef-reset-grid--never\" data-id=\"fb28aa8\" data-element_type=\"section\">\n\t\t\t\t\t\t<div class=\"elementor-container elementor-column-gap-default\">\n\t\t\t\t\t<div class=\"elementor-column elementor-col-50 elementor-top-column elementor-element elementor-element-977734f\" data-id=\"977734f\" data-element_type=\"column\" data-settings=\"{&quot;background_background&quot;:&quot;classic&quot;}\">\n\t\t\t<div class=\"elementor-widget-wrap elementor-element-populated\">\n\t\t\t\t\t\t<div class=\"elementor-element elementor-element-b24eb3b elementor-widget elementor-widget-techlink_core_floating_images\" data-id=\"b24eb3b\" data-element_type=\"widget\" data-settings=\"{&quot;_animation_tablet&quot;:&quot;none&quot;}\" data-widget_type=\"techlink_core_floating_images.default\">\n\t\t\t\t<div class=\"elementor-widget-container\">\n\t\t\t\t\t<div class=\"qodef-shortcode qodef-m  qodef-floating-images qodef-alignment--left\">\n\t<div class=\"qodef-m-inner\">\n\t\t<div class=\"qodef-m-image-holder qodef-main-image-holder\">\n\t\t\t<div class=\"qodef-m-image-wrapper\">\n\t\t\t\t<img decoding=\"async\" class=\"qodef-m-main-image\"\n\t\t\t\t\tdata-width=\"60%\"\t\t\t\t\t\t\t\t\t\t src=\"https:\/\/www.polygonalnorth.fi\/wp-content\/uploads\/2020\/12\/h8-rev-img2.png\"\n\t\t\t\t\t alt=\"h8-rev-img2\"\/>\n\t\t\t<\/div>\n\t\t<\/div>\n\t\t<div class=\"qodef-m-image-holder qodef-aux-image-holder\">\n\t\t\t<div class=\"qodef-m-image-wrapper\">\n\t\t\t\t<img decoding=\"async\" class=\"qodef-m-aux-image\"\n\t\t\t\t\tdata-x=\"-20%\" data-y=\"50%\" data-width=\"100%\"\t\t\t\t\t\t\t\t\t\t src=\"https:\/\/www.polygonalnorth.fi\/wp-content\/uploads\/2024\/09\/renwdata.png\"\n\t\t\t\t\t alt=\"renwdata\"\/>\n\t\t\t<\/div>\n\t\t<\/div>\n\t<\/div>\n<\/div>\n\t\t\t\t<\/div>\n\t\t\t\t<\/div>\n\t\t\t\t\t<\/div>\n\t\t<\/div>\n\t\t\t\t<div class=\"elementor-column elementor-col-50 elementor-top-column elementor-element elementor-element-6ee2b09\" data-id=\"6ee2b09\" data-element_type=\"column\">\n\t\t\t<div class=\"elementor-widget-wrap elementor-element-populated\">\n\t\t\t\t\t\t<div class=\"elementor-element elementor-element-f7d15c5 elementor-widget__width-initial elementor-widget-tablet__width-auto elementor-widget-mobile__width-initial elementor-widget elementor-widget-techlink_core_section_title\" data-id=\"f7d15c5\" data-element_type=\"widget\" data-widget_type=\"techlink_core_section_title.default\">\n\t\t\t\t<div class=\"elementor-widget-container\">\n\t\t\t\t\t<div class=\"qodef-shortcode qodef-m  qodef-section-title qodef-alignment--left\">\n\t\t<div class=\"qodef-m-background-text\" >03<\/div>\n\t<div class=\"qodef-m-content\">\n\t\t\t\t\t<h3 class=\"qodef-m-title\" >\n\t\t\t\t\tKest\u00e4v\u00e4n kehityksen data-analytiikka\t\t\t<\/h3>\n\t\t\t<p class=\"qodef-m-text\" >\n\t\tHallitse tietojen ker\u00e4\u00e4misen, k\u00e4sittelyn ja visualisoinnin taito kest\u00e4v\u00e4n kehityksen raportointia ja strategian kehitt\u00e4mist\u00e4 varten. Opi analysoimaan hiilijalanj\u00e4lki\u00e4, seuraamaan ymp\u00e4rist\u00f6vaikutuksia ja kehitt\u00e4m\u00e4\u00e4n tietoon perustuvia kest\u00e4vyysstrategioita k\u00e4ytt\u00e4m\u00e4ll\u00e4 ty\u00f6kaluja, kuten Power BI:t\u00e4, SQL:\u00e4\u00e4 ja IoT-pohjaisia seurantaj\u00e4rjestelmi\u00e4.\t<\/p>\n\t<\/div>\n<\/div>\t\t\t\t<\/div>\n\t\t\t\t<\/div>\n\t\t\t\t\t<\/div>\n\t\t<\/div>\n\t\t\t\t\t<\/div>\n\t\t<\/section>\n\t\t\t\t<section class=\"elementor-section elementor-top-section elementor-element elementor-element-58eb4ef elementor-section-full_width qodef-elementor-content-grid elementor-section-height-default elementor-section-height-default qodef-reset-grid qodef-reset-grid--never\" data-id=\"58eb4ef\" data-element_type=\"section\">\n\t\t\t\t\t\t<div class=\"elementor-container elementor-column-gap-default\">\n\t\t\t\t\t<div class=\"elementor-column elementor-col-50 elementor-top-column elementor-element elementor-element-bdbf2bc\" data-id=\"bdbf2bc\" data-element_type=\"column\">\n\t\t\t<div class=\"elementor-widget-wrap elementor-element-populated\">\n\t\t\t\t\t\t<div class=\"elementor-element elementor-element-02d5cba elementor-widget__width-initial elementor-widget-tablet__width-auto elementor-widget-mobile__width-initial elementor-widget elementor-widget-techlink_core_section_title\" data-id=\"02d5cba\" data-element_type=\"widget\" data-widget_type=\"techlink_core_section_title.default\">\n\t\t\t\t<div class=\"elementor-widget-container\">\n\t\t\t\t\t<div class=\"qodef-shortcode qodef-m  qodef-section-title qodef-alignment--left\">\n\t\t<div class=\"qodef-m-background-text\" >04<\/div>\n\t<div class=\"qodef-m-content\">\n\t\t\t\t\t<h3 class=\"qodef-m-title\" >\n\t\t\t\t\tVihre\u00e4 digitaalinen projektinhallinta\t\t\t<\/h3>\n\t\t\t<p class=\"qodef-m-text\" >\n\t\tProjektinhallintakoulutuksemme antaa sinulle valmiudet johtaa vihreit\u00e4 digitaalisia aloitteita organisaatiossasi. Opi suunnittelemaan, toteuttamaan ja valvomaan hankkeita, joissa yhdistyv\u00e4t kest\u00e4v\u00e4n kehityksen tavoitteet ja huipputeknologia.\t<\/p>\n\t<\/div>\n<\/div>\t\t\t\t<\/div>\n\t\t\t\t<\/div>\n\t\t\t\t\t<\/div>\n\t\t<\/div>\n\t\t\t\t<div class=\"elementor-column elementor-col-50 elementor-top-column elementor-element elementor-element-3375fda\" data-id=\"3375fda\" data-element_type=\"column\">\n\t\t\t<div class=\"elementor-widget-wrap elementor-element-populated\">\n\t\t\t\t\t\t<div class=\"elementor-element elementor-element-6fd1660 elementor-widget elementor-widget-techlink_core_floating_images\" data-id=\"6fd1660\" data-element_type=\"widget\" data-settings=\"{&quot;_animation_tablet&quot;:&quot;none&quot;}\" data-widget_type=\"techlink_core_floating_images.default\">\n\t\t\t\t<div class=\"elementor-widget-container\">\n\t\t\t\t\t<div class=\"qodef-shortcode qodef-m  qodef-floating-images qodef-alignment--left\">\n\t<div class=\"qodef-m-inner\">\n\t\t<div class=\"qodef-m-image-holder qodef-main-image-holder\">\n\t\t\t<div class=\"qodef-m-image-wrapper\">\n\t\t\t\t<img decoding=\"async\" class=\"qodef-m-main-image\"\n\t\t\t\t\tdata-width=\"80%\"\t\t\t\t\t\t\t\t\t\t src=\"https:\/\/www.polygonalnorth.fi\/wp-content\/uploads\/2020\/12\/h12-rev-figure.png\"\n\t\t\t\t\t alt=\"h12-rev-figure\"\/>\n\t\t\t<\/div>\n\t\t<\/div>\n\t\t<div class=\"qodef-m-image-holder qodef-aux-image-holder\">\n\t\t\t<div class=\"qodef-m-image-wrapper\">\n\t\t\t\t<img decoding=\"async\" class=\"qodef-m-aux-image\"\n\t\t\t\t\tdata-x=\"80%\" data-y=\"-50%\" data-width=\"60%\"\t\t\t\t\t\t\t\t\t\t src=\"https:\/\/www.polygonalnorth.fi\/wp-content\/uploads\/2020\/11\/ld-sec2-bgimg.png\"\n\t\t\t\t\t alt=\"ld-sec2-bgimg\"\/>\n\t\t\t<\/div>\n\t\t<\/div>\n\t<\/div>\n<\/div>\n\t\t\t\t<\/div>\n\t\t\t\t<\/div>\n\t\t\t\t\t<\/div>\n\t\t<\/div>\n\t\t\t\t\t<\/div>\n\t\t<\/section>\n\t\t\t\t<section class=\"elementor-section elementor-top-section elementor-element elementor-element-98b3b88 elementor-section-full_width qodef-elementor-content-grid elementor-section-height-default elementor-section-height-default qodef-reset-grid qodef-reset-grid--never\" data-id=\"98b3b88\" data-element_type=\"section\">\n\t\t\t\t\t\t<div class=\"elementor-container elementor-column-gap-default\">\n\t\t\t\t\t<div class=\"elementor-column elementor-col-50 elementor-top-column elementor-element elementor-element-b6433e5\" data-id=\"b6433e5\" data-element_type=\"column\" data-settings=\"{&quot;background_background&quot;:&quot;classic&quot;}\">\n\t\t\t<div class=\"elementor-widget-wrap elementor-element-populated\">\n\t\t\t\t\t\t<div class=\"elementor-element elementor-element-5393daf elementor-widget elementor-widget-techlink_core_floating_images\" data-id=\"5393daf\" data-element_type=\"widget\" data-settings=\"{&quot;_animation_tablet&quot;:&quot;none&quot;}\" data-widget_type=\"techlink_core_floating_images.default\">\n\t\t\t\t<div class=\"elementor-widget-container\">\n\t\t\t\t\t<div class=\"qodef-shortcode qodef-m  qodef-floating-images qodef-alignment--left\">\n\t<div class=\"qodef-m-inner\">\n\t\t<div class=\"qodef-m-image-holder qodef-main-image-holder\">\n\t\t\t<div class=\"qodef-m-image-wrapper\">\n\t\t\t\t<img decoding=\"async\" class=\"qodef-m-main-image\"\n\t\t\t\t\tdata-width=\"40%\"\t\t\t\t\t\t\t\t\t\t src=\"https:\/\/www.polygonalnorth.fi\/wp-content\/uploads\/2020\/11\/ld-rev5-img4-1.png\"\n\t\t\t\t\t alt=\"ld-rev5-img4\"\/>\n\t\t\t<\/div>\n\t\t<\/div>\n\t\t<div class=\"qodef-m-image-holder qodef-aux-image-holder\">\n\t\t\t<div class=\"qodef-m-image-wrapper\">\n\t\t\t\t<img decoding=\"async\" class=\"qodef-m-aux-image\"\n\t\t\t\t\tdata-x=\"-20%\" data-y=\"50%\" data-width=\"100%\"\t\t\t\t\t\t\t\t\t\t src=\"https:\/\/www.polygonalnorth.fi\/wp-content\/uploads\/2024\/09\/twin-transition.png\"\n\t\t\t\t\t alt=\"twin-transition\"\/>\n\t\t\t<\/div>\n\t\t<\/div>\n\t<\/div>\n<\/div>\n\t\t\t\t<\/div>\n\t\t\t\t<\/div>\n\t\t\t\t\t<\/div>\n\t\t<\/div>\n\t\t\t\t<div class=\"elementor-column elementor-col-50 elementor-top-column elementor-element elementor-element-7e2ceb3\" data-id=\"7e2ceb3\" data-element_type=\"column\">\n\t\t\t<div class=\"elementor-widget-wrap elementor-element-populated\">\n\t\t\t\t\t\t<div class=\"elementor-element elementor-element-b3150f3 elementor-widget__width-initial elementor-widget-tablet__width-auto elementor-widget-mobile__width-initial elementor-widget elementor-widget-techlink_core_section_title\" data-id=\"b3150f3\" data-element_type=\"widget\" data-widget_type=\"techlink_core_section_title.default\">\n\t\t\t\t<div class=\"elementor-widget-container\">\n\t\t\t\t\t<div class=\"qodef-shortcode qodef-m  qodef-section-title qodef-alignment--left\">\n\t\t<div class=\"qodef-m-background-text\" >05<\/div>\n\t<div class=\"qodef-m-content\">\n\t\t\t\t\t<h3 class=\"qodef-m-title\" >\n\t\t\t\t\tTy\u00f6voiman t\u00e4ydennyskoulutus kaksoismurrosta varten\t\t\t<\/h3>\n\t\t\t<p class=\"qodef-m-text\" >\n\t\tValmista tiimisi tulevaisuutta varten r\u00e4\u00e4t\u00e4l\u00f6idyill\u00e4 t\u00e4ydennyskoulutusohjelmilla, joissa yhdistyv\u00e4t ymp\u00e4rist\u00f6tieteet, teknologia ja k\u00e4yt\u00e4nn\u00f6n sovellukset. Keskitymme digitaalisen lukutaidon kehitt\u00e4miseen esimerkiksi vihre\u00e4n toimitusketjun hallinnan, ymp\u00e4rist\u00f6yst\u00e4v\u00e4llisen tuotekehityksen ja kiertotalousstrategioiden aloilla.\t<\/p>\n\t<\/div>\n<\/div>\t\t\t\t<\/div>\n\t\t\t\t<\/div>\n\t\t\t\t\t<\/div>\n\t\t<\/div>\n\t\t\t\t\t<\/div>\n\t\t<\/section>\n\t\t\t\t<section class=\"elementor-section elementor-top-section elementor-element elementor-element-e8099bc elementor-section-full_width elementor-section-height-default elementor-section-height-default qodef-elementor-content-no\" data-id=\"e8099bc\" data-element_type=\"section\">\n\t\t\t\t\t\t<div class=\"elementor-container elementor-column-gap-default\">\n\t\t\t\t\t<div class=\"elementor-column elementor-col-100 elementor-top-column elementor-element elementor-element-3165879\" data-id=\"3165879\" data-element_type=\"column\">\n\t\t\t<div class=\"elementor-widget-wrap elementor-element-populated\">\n\t\t\t\t\t\t<div class=\"elementor-element elementor-element-6637397 elementor-widget__width-initial elementor-widget-tablet__width-initial elementor-widget-mobile__width-initial elementor-widget elementor-widget-techlink_core_section_title\" data-id=\"6637397\" data-element_type=\"widget\" data-widget_type=\"techlink_core_section_title.default\">\n\t\t\t\t<div class=\"elementor-widget-container\">\n\t\t\t\t\t<div class=\"qodef-shortcode qodef-m  qodef-section-title qodef-alignment--center\">\n\t\t<div class=\"qodef-m-background-text\" >?<\/div>\n\t<div class=\"qodef-m-content\">\n\t\t\t\t\t<h2 class=\"qodef-m-title\" >\n\t\t\t\t\tMiksi vihre\u00e4t digitaaliset taidot ovat t\u00e4rkeit\u00e4\t\t\t<\/h2>\n\t\t\t<div class=\"qodef-m-text\" style=\"margin-top: 12px\">\n\t\tLiiketoiminnan tulevaisuus on vihre\u00e4 ja digitaalinen. Investoimalla twin transition -taitojen kehitt\u00e4miseen et vain t\u00e4yt\u00e4 t\u00e4m\u00e4n p\u00e4iv\u00e4n kest\u00e4vyys- ja digitalisaatiovaatimuksia, vaan saat my\u00f6s kilpailuetua tulevaisuuden markkinoilla. R\u00e4\u00e4t\u00e4l\u00f6idyt koulutusohjelmamme auttavat yrityksi\u00e4 ja ammattilaisia sopeutumaan, innovoimaan ja johtamaan t\u00e4ss\u00e4 dynaamisessa ymp\u00e4rist\u00f6ss\u00e4.\t<\/div>\n\t<\/div>\n<\/div>\t\t\t\t<\/div>\n\t\t\t\t<\/div>\n\t\t\t\t\t<\/div>\n\t\t<\/div>\n\t\t\t\t\t<\/div>\n\t\t<\/section>\n\t\t\t\t<\/div>","protected":false},"excerpt":{"rendered":"<p>2021 Tulevaisuuden ty\u00f6voiman voimaannuttaminen kest\u00e4v\u00e4\u00e4 ja digitaalista taloutta varten VIHRE\u00c4-DIGITAALINEN TAITOJEN KEHITT\u00c4MINEN Teollisuuden siirtyess\u00e4 kohti kest\u00e4v\u00e4\u00e4 kehityst\u00e4 ja digitalisaatiota oikeiden taitojen hankkiminen on t\u00e4rke\u00e4mp\u00e4\u00e4 kuin koskaan. [Yrityksenne nimi] Green-Digital Skills Development -ohjelmamme on suunniteltu valmistamaan organisaatioita ja yksil\u00f6it\u00e4 Twin Transition - vihreiden [...]<\/p>","protected":false},"author":1,"featured_media":0,"parent":0,"menu_order":0,"comment_status":"closed","ping_status":"closed","template":"page-full-width.php","meta":{"footnotes":""},"class_list":["post-49","page","type-page","status-publish","hentry"],"_links":{"self":[{"href":"https:\/\/www.polygonalnorth.fi\/fi\/wp-json\/wp\/v2\/pages\/49","targetHints":{"allow":["GET"]}}],"collection":[{"href":"https:\/\/www.polygonalnorth.fi\/fi\/wp-json\/wp\/v2\/pages"}],"about":[{"href":"https:\/\/www.polygonalnorth.fi\/fi\/wp-json\/wp\/v2\/types\/page"}],"author":[{"embeddable":true,"href":"https:\/\/www.polygonalnorth.fi\/fi\/wp-json\/wp\/v2\/users\/1"}],"replies":[{"embeddable":true,"href":"https:\/\/www.polygonalnorth.fi\/fi\/wp-json\/wp\/v2\/comments?post=49"}],"version-history":[{"count":81,"href":"https:\/\/www.polygonalnorth.fi\/fi\/wp-json\/wp\/v2\/pages\/49\/revisions"}],"predecessor-version":[{"id":10833,"href":"https:\/\/www.polygonalnorth.fi\/fi\/wp-json\/wp\/v2\/pages\/49\/revisions\/10833"}],"wp:attachment":[{"href":"https:\/\/www.polygonalnorth.fi\/fi\/wp-json\/wp\/v2\/media?parent=49"}],"curies":[{"name":"wp","href":"https:\/\/api.w.org\/{rel}","templated":true}]}}