{"id":4412,"date":"2020-11-23T14:19:45","date_gmt":"2020-11-23T12:19:45","guid":{"rendered":"https:\/\/techlink.qodeinteractive.com\/?page_id=4412"},"modified":"2023-10-16T00:59:02","modified_gmt":"2023-10-15T21:59:02","slug":"news","status":"publish","type":"page","link":"https:\/\/www.polygonalnorth.fi\/fi\/news\/","title":{"rendered":"UUTISET"},"content":{"rendered":"<div data-elementor-type=\"wp-page\" data-elementor-id=\"4412\" class=\"elementor elementor-4412\">\n\t\t\t\t\t\t<section class=\"elementor-section elementor-top-section elementor-element elementor-element-50ae22f elementor-section-full_width qodef-elementor-content-grid elementor-section-height-default elementor-section-height-default qodef-reset-grid qodef-reset-grid--never\" data-id=\"50ae22f\" data-element_type=\"section\">\n\t\t\t\t\t\t<div class=\"elementor-container elementor-column-gap-default\">\n\t\t\t\t\t<div class=\"elementor-column elementor-col-100 elementor-top-column elementor-element elementor-element-3e9d1bd\" data-id=\"3e9d1bd\" data-element_type=\"column\">\n\t\t\t<div class=\"elementor-widget-wrap elementor-element-populated\">\n\t\t\t\t\t\t<div class=\"elementor-element elementor-element-b299fe2 elementor-widget elementor-widget-techlink_core_blog_list\" data-id=\"b299fe2\" data-element_type=\"widget\" data-widget_type=\"techlink_core_blog_list.default\">\n\t\t\t\t<div class=\"elementor-widget-container\">\n\t\t\t\t\t<div class=\"qodef-shortcode qodef-m  qodef-blog qodef-item-layout--metro  qodef-grid qodef-layout--masonry  qodef-gutter--normal qodef-col-num--3 qodef-item-layout--metro qodef-pagination--on qodef-pagination-type--load-more qodef-responsive--custom qodef-col-num--1440--3 qodef-col-num--1366--3 qodef-col-num--1024--2 qodef-col-num--768--2 qodef-col-num--680--1 qodef-col-num--480--1\" data-options=\"{&quot;plugin&quot;:&quot;techlink_core&quot;,&quot;module&quot;:&quot;blog\\\/shortcodes&quot;,&quot;shortcode&quot;:&quot;blog-list&quot;,&quot;post_type&quot;:&quot;post&quot;,&quot;next_page&quot;:&quot;2&quot;,&quot;max_pages_num&quot;:1,&quot;behavior&quot;:&quot;masonry&quot;,&quot;columns&quot;:&quot;3&quot;,&quot;columns_responsive&quot;:&quot;custom&quot;,&quot;columns_1440&quot;:&quot;3&quot;,&quot;columns_1366&quot;:&quot;3&quot;,&quot;columns_1024&quot;:&quot;2&quot;,&quot;columns_768&quot;:&quot;2&quot;,&quot;columns_680&quot;:&quot;1&quot;,&quot;columns_480&quot;:&quot;1&quot;,&quot;space&quot;:&quot;normal&quot;,&quot;posts_per_page&quot;:&quot;12&quot;,&quot;orderby&quot;:&quot;date&quot;,&quot;order&quot;:&quot;ASC&quot;,&quot;additional_params&quot;:&quot;tax&quot;,&quot;tax&quot;:&quot;category&quot;,&quot;tax_slug&quot;:&quot;Projects&quot;,&quot;layout&quot;:&quot;metro&quot;,&quot;title_tag&quot;:&quot;h4&quot;,&quot;excerpt_length&quot;:&quot;125&quot;,&quot;pagination_type&quot;:&quot;load-more&quot;,&quot;object_class_name&quot;:&quot;TechLinkCoreBlogListShortcode&quot;,&quot;taxonomy_filter&quot;:&quot;category&quot;,&quot;additional_query_args&quot;:{&quot;tax_query&quot;:[{&quot;taxonomy&quot;:&quot;category&quot;,&quot;field&quot;:&quot;slug&quot;,&quot;terms&quot;:&quot;Projects&quot;}]},&quot;space_value&quot;:15}\">\n\t\t<div class=\"qodef-grid-inner clear\">\n\t\t\t<div class=\"qodef-grid-masonry-sizer\"><\/div>\n\t<div class=\"qodef-grid-masonry-gutter\"><\/div>\n<article class=\"qodef-e qodef-blog-item qodef-grid-item post-6000 post type-post status-publish format-standard has-post-thumbnail hentry category-projects\">\n\t<div class=\"qodef-e-inner\">\n\t\t\t<div class=\"qodef-e-media-image qodef--background\" style=\"background-image: url( https:\/\/www.polygonalnorth.fi\/wp-content\/uploads\/2023\/10\/380297855_1647190449124002_6321015472284045228_n.png)\">\n\t\t<img fetchpriority=\"high\" decoding=\"async\" width=\"500\" height=\"500\" src=\"https:\/\/www.polygonalnorth.fi\/wp-content\/uploads\/2023\/10\/380297855_1647190449124002_6321015472284045228_n.png\" class=\"attachment-full size-full wp-post-image\" alt=\"\" srcset=\"https:\/\/www.polygonalnorth.fi\/wp-content\/uploads\/2023\/10\/380297855_1647190449124002_6321015472284045228_n.png 500w, https:\/\/www.polygonalnorth.fi\/wp-content\/uploads\/2023\/10\/380297855_1647190449124002_6321015472284045228_n-300x300.png 300w, https:\/\/www.polygonalnorth.fi\/wp-content\/uploads\/2023\/10\/380297855_1647190449124002_6321015472284045228_n-150x150.png 150w, https:\/\/www.polygonalnorth.fi\/wp-content\/uploads\/2023\/10\/380297855_1647190449124002_6321015472284045228_n-100x100.png 100w\" sizes=\"(max-width: 500px) 100vw, 500px\" \/>\t<\/div>\n\t\t<div class=\"qodef-e-content\">\n\t\t\t<div class=\"qodef-e-info qodef-info--top\">\n\t\t\t\t<div itemprop=\"dateCreated\" class=\"qodef-e-info-item qodef-e-info-date entry-date\">\n\t<a itemprop=\"url\" href=\"https:\/\/www.polygonalnorth.fi\/fi\/2023\/04\/\">\n\t\t24.4.2023\t<\/a>\n<\/div>\n<div class=\"qodef-e-info-item qodef-e-info-category\">\n\t<a href=\"https:\/\/www.polygonalnorth.fi\/fi\/category\/projects\/\" rel=\"category tag\">Hankkeet<\/a><\/div>\n\t\t\t<\/div>\n\t\t\t\n\t\t\t<h4 itemprop=\"name\" class=\"qodef-e-title entry-title\" >\n\t<a itemprop=\"url\" class=\"qodef-e-title-link\" href=\"https:\/\/www.polygonalnorth.fi\/fi\/2023\/04\/24\/bioyoutoon-project-2\/\">\n\t\tBioYouToon-projekti\t<\/a>\n<\/h4>\t\t<p itemprop=\"description\" class=\"qodef-e-excerpt\">Hanke \"Raising YOUth awareness of BIO-diversity conservation via webTOON\"'' BioYouToon on yhteisty\u00f6kumppanuus.<\/p>\n\t\t<div class=\"qodef-e-read-more\">\n\t\t<a class=\"qodef-shortcode qodef-m  qodef-button qodef-layout--textual   qodef-html--link\" href=\"https:\/\/www.polygonalnorth.fi\/fi\/2023\/04\/24\/bioyoutoon-project-2\/\" target=\"_self\"  >\t<span class=\"qodef-m-text\">Lue lis\u00e4\u00e4<\/span>\t<span class=\"qodef-m-text-line-holder\">\t\t<span class=\"qodef-m-text-line-top\"><\/span>\t\t<span class=\"qodef-m-text-line\"><\/span>\t\t<span class=\"qodef-m-text-line-bottom\"><\/span>\t<\/span><\/a>\t<\/div>\n\t\t<\/div>\n\t\t<a itemprop=\"url\" class=\"qodef-e-post-link\" href=\"https:\/\/www.polygonalnorth.fi\/fi\/2023\/04\/24\/bioyoutoon-project-2\/\"><\/a>\t<\/div>\n<\/article>\n<article class=\"qodef-e qodef-blog-item qodef-grid-item post-10518 post type-post status-publish format-standard has-post-thumbnail hentry category-projects\">\n\t<div class=\"qodef-e-inner\">\n\t\t\t<div class=\"qodef-e-media-image qodef--background\" style=\"background-image: url( https:\/\/www.polygonalnorth.fi\/wp-content\/uploads\/2023\/10\/IMG-5346-1-scaled.jpg)\">\n\t\t<img decoding=\"async\" width=\"2560\" height=\"1232\" src=\"https:\/\/www.polygonalnorth.fi\/wp-content\/uploads\/2023\/10\/IMG-5346-1-scaled.jpg\" class=\"attachment-full size-full wp-post-image\" alt=\"\" srcset=\"https:\/\/www.polygonalnorth.fi\/wp-content\/uploads\/2023\/10\/IMG-5346-1-scaled.jpg 2560w, https:\/\/www.polygonalnorth.fi\/wp-content\/uploads\/2023\/10\/IMG-5346-1-300x144.jpg 300w, https:\/\/www.polygonalnorth.fi\/wp-content\/uploads\/2023\/10\/IMG-5346-1-1024x493.jpg 1024w, https:\/\/www.polygonalnorth.fi\/wp-content\/uploads\/2023\/10\/IMG-5346-1-768x370.jpg 768w, https:\/\/www.polygonalnorth.fi\/wp-content\/uploads\/2023\/10\/IMG-5346-1-1536x739.jpg 1536w, https:\/\/www.polygonalnorth.fi\/wp-content\/uploads\/2023\/10\/IMG-5346-1-2048x985.jpg 2048w, https:\/\/www.polygonalnorth.fi\/wp-content\/uploads\/2023\/10\/IMG-5346-1-600x289.jpg 600w\" sizes=\"(max-width: 2560px) 100vw, 2560px\" \/>\t<\/div>\n\t\t<div class=\"qodef-e-content\">\n\t\t\t<div class=\"qodef-e-info qodef-info--top\">\n\t\t\t\t<div itemprop=\"dateCreated\" class=\"qodef-e-info-item qodef-e-info-date entry-date\">\n\t<a itemprop=\"url\" href=\"https:\/\/www.polygonalnorth.fi\/fi\/2023\/10\/\">\n\t\t16.10.2023\t<\/a>\n<\/div>\n<div class=\"qodef-e-info-item qodef-e-info-category\">\n\t<a href=\"https:\/\/www.polygonalnorth.fi\/fi\/category\/projects\/\" rel=\"category tag\">Hankkeet<\/a><\/div>\n\t\t\t<\/div>\n\t\t\t\n\t\t\t<h4 itemprop=\"name\" class=\"qodef-e-title entry-title\" >\n\t<a itemprop=\"url\" class=\"qodef-e-title-link\" href=\"https:\/\/www.polygonalnorth.fi\/fi\/2023\/10\/16\/the-kick-off-meeting-of-our-erasmusplusproject-bioyoutoon-took-place-on-april-14th-2023-in-berlin\/\">\n\t\t#erasmusplus-hankkeen aloituskokous:  BioYouToon\" j\u00e4rjestettiin 14. huhtikuuta 2023 Berliiniss\u00e4.\t<\/a>\n<\/h4>\t\t<p itemprop=\"description\" class=\"qodef-e-excerpt\"><\/p>\n\t\t<div class=\"qodef-e-read-more\">\n\t\t<a class=\"qodef-shortcode qodef-m  qodef-button qodef-layout--textual   qodef-html--link\" href=\"https:\/\/www.polygonalnorth.fi\/fi\/2023\/10\/16\/the-kick-off-meeting-of-our-erasmusplusproject-bioyoutoon-took-place-on-april-14th-2023-in-berlin\/\" target=\"_self\"  >\t<span class=\"qodef-m-text\">Lue lis\u00e4\u00e4<\/span>\t<span class=\"qodef-m-text-line-holder\">\t\t<span class=\"qodef-m-text-line-top\"><\/span>\t\t<span class=\"qodef-m-text-line\"><\/span>\t\t<span class=\"qodef-m-text-line-bottom\"><\/span>\t<\/span><\/a>\t<\/div>\n\t\t<\/div>\n\t\t<a itemprop=\"url\" class=\"qodef-e-post-link\" href=\"https:\/\/www.polygonalnorth.fi\/fi\/2023\/10\/16\/the-kick-off-meeting-of-our-erasmusplusproject-bioyoutoon-took-place-on-april-14th-2023-in-berlin\/\"><\/a>\t<\/div>\n<\/article>\n<article class=\"qodef-e qodef-blog-item qodef-grid-item post-11698 post type-post status-publish format-standard has-post-thumbnail hentry category-projects\">\n\t<div class=\"qodef-e-inner\">\n\t\t\t<div class=\"qodef-e-media-image qodef--background\" style=\"background-image: url( https:\/\/www.polygonalnorth.fi\/wp-content\/uploads\/2025\/10\/WhatsApp-Image-2025-10-16-at-18.48.29-2-scaled.jpeg)\">\n\t\t<img decoding=\"async\" width=\"2560\" height=\"1920\" src=\"https:\/\/www.polygonalnorth.fi\/wp-content\/uploads\/2025\/10\/WhatsApp-Image-2025-10-16-at-18.48.29-2-scaled.jpeg\" class=\"attachment-full size-full wp-post-image\" alt=\"\" srcset=\"https:\/\/www.polygonalnorth.fi\/wp-content\/uploads\/2025\/10\/WhatsApp-Image-2025-10-16-at-18.48.29-2-scaled.jpeg 2560w, https:\/\/www.polygonalnorth.fi\/wp-content\/uploads\/2025\/10\/WhatsApp-Image-2025-10-16-at-18.48.29-2-300x225.jpeg 300w, https:\/\/www.polygonalnorth.fi\/wp-content\/uploads\/2025\/10\/WhatsApp-Image-2025-10-16-at-18.48.29-2-1024x768.jpeg 1024w, https:\/\/www.polygonalnorth.fi\/wp-content\/uploads\/2025\/10\/WhatsApp-Image-2025-10-16-at-18.48.29-2-768x576.jpeg 768w, https:\/\/www.polygonalnorth.fi\/wp-content\/uploads\/2025\/10\/WhatsApp-Image-2025-10-16-at-18.48.29-2-1536x1152.jpeg 1536w, https:\/\/www.polygonalnorth.fi\/wp-content\/uploads\/2025\/10\/WhatsApp-Image-2025-10-16-at-18.48.29-2-2048x1536.jpeg 2048w, https:\/\/www.polygonalnorth.fi\/wp-content\/uploads\/2025\/10\/WhatsApp-Image-2025-10-16-at-18.48.29-2-16x12.jpeg 16w, https:\/\/www.polygonalnorth.fi\/wp-content\/uploads\/2025\/10\/WhatsApp-Image-2025-10-16-at-18.48.29-2-600x450.jpeg 600w\" sizes=\"(max-width: 2560px) 100vw, 2560px\" \/>\t<\/div>\n\t\t<div class=\"qodef-e-content\">\n\t\t\t<div class=\"qodef-e-info qodef-info--top\">\n\t\t\t\t<div itemprop=\"dateCreated\" class=\"qodef-e-info-item qodef-e-info-date entry-date\">\n\t<a itemprop=\"url\" href=\"https:\/\/www.polygonalnorth.fi\/fi\/2025\/10\/\">\n\t\t21.10.2025\t<\/a>\n<\/div>\n<div class=\"qodef-e-info-item qodef-e-info-category\">\n\t<a href=\"https:\/\/www.polygonalnorth.fi\/fi\/category\/projects\/\" rel=\"category tag\">Hankkeet<\/a><\/div>\n\t\t\t<\/div>\n\t\t\t\n\t\t\t<h4 itemprop=\"name\" class=\"qodef-e-title entry-title\" >\n\t<a itemprop=\"url\" class=\"qodef-e-title-link\" href=\"https:\/\/www.polygonalnorth.fi\/fi\/2025\/10\/21\/polygonal-north-oy-at-bstf-2025-data-climate-and-regenerative-tourism\/\">\n\t\tPolygonal North Oy at BSTF 2025: data, climate and regenerative tourism\t<\/a>\n<\/h4>\t\t<p itemprop=\"description\" class=\"qodef-e-excerpt\">This week we joined the Baltic Sea Tourism Forum in Gda\u0144sk to expand networks for ProxyLab\u2019s REDIRECT and to scan best pra<\/p>\n\t\t<div class=\"qodef-e-read-more\">\n\t\t<a class=\"qodef-shortcode qodef-m  qodef-button qodef-layout--textual   qodef-html--link\" href=\"https:\/\/www.polygonalnorth.fi\/fi\/2025\/10\/21\/polygonal-north-oy-at-bstf-2025-data-climate-and-regenerative-tourism\/\" target=\"_self\"  >\t<span class=\"qodef-m-text\">Lue lis\u00e4\u00e4<\/span>\t<span class=\"qodef-m-text-line-holder\">\t\t<span class=\"qodef-m-text-line-top\"><\/span>\t\t<span class=\"qodef-m-text-line\"><\/span>\t\t<span class=\"qodef-m-text-line-bottom\"><\/span>\t<\/span><\/a>\t<\/div>\n\t\t<\/div>\n\t\t<a itemprop=\"url\" class=\"qodef-e-post-link\" href=\"https:\/\/www.polygonalnorth.fi\/fi\/2025\/10\/21\/polygonal-north-oy-at-bstf-2025-data-climate-and-regenerative-tourism\/\"><\/a>\t<\/div>\n<\/article>\n<article class=\"qodef-e qodef-blog-item qodef-grid-item post-11801 post type-post status-publish format-standard has-post-thumbnail hentry category-projects\">\n\t<div class=\"qodef-e-inner\">\n\t\t\t<div class=\"qodef-e-media-image qodef--background\" style=\"background-image: url( https:\/\/www.polygonalnorth.fi\/wp-content\/uploads\/2025\/12\/hbb.jpg)\">\n\t\t<img loading=\"lazy\" decoding=\"async\" width=\"1554\" height=\"996\" src=\"https:\/\/www.polygonalnorth.fi\/wp-content\/uploads\/2025\/12\/hbb.jpg\" class=\"attachment-full size-full wp-post-image\" alt=\"\" srcset=\"https:\/\/www.polygonalnorth.fi\/wp-content\/uploads\/2025\/12\/hbb.jpg 1554w, https:\/\/www.polygonalnorth.fi\/wp-content\/uploads\/2025\/12\/hbb-300x192.jpg 300w, https:\/\/www.polygonalnorth.fi\/wp-content\/uploads\/2025\/12\/hbb-1024x656.jpg 1024w, https:\/\/www.polygonalnorth.fi\/wp-content\/uploads\/2025\/12\/hbb-768x492.jpg 768w, https:\/\/www.polygonalnorth.fi\/wp-content\/uploads\/2025\/12\/hbb-1536x984.jpg 1536w, https:\/\/www.polygonalnorth.fi\/wp-content\/uploads\/2025\/12\/hbb-18x12.jpg 18w, https:\/\/www.polygonalnorth.fi\/wp-content\/uploads\/2025\/12\/hbb-600x385.jpg 600w\" sizes=\"(max-width: 1554px) 100vw, 1554px\" \/>\t<\/div>\n\t\t<div class=\"qodef-e-content\">\n\t\t\t<div class=\"qodef-e-info qodef-info--top\">\n\t\t\t\t<div itemprop=\"dateCreated\" class=\"qodef-e-info-item qodef-e-info-date entry-date\">\n\t<a itemprop=\"url\" href=\"https:\/\/www.polygonalnorth.fi\/fi\/2025\/12\/\">\n\t\t6.12.2025\t<\/a>\n<\/div>\n<div class=\"qodef-e-info-item qodef-e-info-category\">\n\t<a href=\"https:\/\/www.polygonalnorth.fi\/fi\/category\/projects\/\" rel=\"category tag\">Hankkeet<\/a><\/div>\n\t\t\t<\/div>\n\t\t\t\n\t\t\t<h4 itemprop=\"name\" class=\"qodef-e-title entry-title\" >\n\t<a itemprop=\"url\" class=\"qodef-e-title-link\" href=\"https:\/\/www.polygonalnorth.fi\/fi\/2025\/12\/06\/we-are-awarded-by-eu-as-good-practice\/\">\n\t\tWe are awarded by EU as Good Practice\t<\/a>\n<\/h4>\t\t<p itemprop=\"description\" class=\"qodef-e-excerpt\">\u00c7iftliklerin Ekolojik ve Pedagojik E\u011fitim Ortam\u0131 Olarak Kullan\u0131lmas\u0131 \u2013 Oyunla\u015ft\u0131r\u0131lm\u0131\u015f, STEAM Tabanl\u0131 \u00d6\u011frenme <\/p>\n\t\t<div class=\"qodef-e-read-more\">\n\t\t<a class=\"qodef-shortcode qodef-m  qodef-button qodef-layout--textual   qodef-html--link\" href=\"https:\/\/www.polygonalnorth.fi\/fi\/2025\/12\/06\/we-are-awarded-by-eu-as-good-practice\/\" target=\"_self\"  >\t<span class=\"qodef-m-text\">Lue lis\u00e4\u00e4<\/span>\t<span class=\"qodef-m-text-line-holder\">\t\t<span class=\"qodef-m-text-line-top\"><\/span>\t\t<span class=\"qodef-m-text-line\"><\/span>\t\t<span class=\"qodef-m-text-line-bottom\"><\/span>\t<\/span><\/a>\t<\/div>\n\t\t<\/div>\n\t\t<a itemprop=\"url\" class=\"qodef-e-post-link\" href=\"https:\/\/www.polygonalnorth.fi\/fi\/2025\/12\/06\/we-are-awarded-by-eu-as-good-practice\/\"><\/a>\t<\/div>\n<\/article>\n\t<\/div>\n\t<\/div>\t\t\t\t<\/div>\n\t\t\t\t<\/div>\n\t\t\t\t\t<\/div>\n\t\t<\/div>\n\t\t\t\t\t<\/div>\n\t\t<\/section>\n\t\t\t\t<section class=\"elementor-section elementor-top-section elementor-element elementor-element-30f359e elementor-section-boxed elementor-section-height-default elementor-section-height-default qodef-elementor-content-no\" data-id=\"30f359e\" data-element_type=\"section\">\n\t\t\t\t\t\t<div class=\"elementor-container elementor-column-gap-default\">\n\t\t\t\t\t<div class=\"elementor-column elementor-col-100 elementor-top-column elementor-element elementor-element-f2714b2\" data-id=\"f2714b2\" data-element_type=\"column\">\n\t\t\t<div class=\"elementor-widget-wrap\">\n\t\t\t\t\t\t\t<\/div>\n\t\t<\/div>\n\t\t\t\t\t<\/div>\n\t\t<\/section>\n\t\t\t\t<\/div>","protected":false},"excerpt":{"rendered":"<p>24.4.2023 Hankkeet BioYouToon-hanke Hanke \"Raising YOUth awareness of BIO-diversity conservation via webTOON\"'' BioYouToon on yhteisty\u00f6kumppanuus Lue lis\u00e4\u00e4 16.10.2023 Hankkeet #erasmusplus-hankkeen aloituskokous:  BioYouToon\" j\u00e4rjestettiin 14. huhtikuuta 2023 Berliiniss\u00e4. Lue lis\u00e4\u00e4<\/p>","protected":false},"author":1,"featured_media":0,"parent":0,"menu_order":0,"comment_status":"closed","ping_status":"closed","template":"","meta":{"footnotes":""},"class_list":["post-4412","page","type-page","status-publish","hentry"],"_links":{"self":[{"href":"https:\/\/www.polygonalnorth.fi\/fi\/wp-json\/wp\/v2\/pages\/4412","targetHints":{"allow":["GET"]}}],"collection":[{"href":"https:\/\/www.polygonalnorth.fi\/fi\/wp-json\/wp\/v2\/pages"}],"about":[{"href":"https:\/\/www.polygonalnorth.fi\/fi\/wp-json\/wp\/v2\/types\/page"}],"author":[{"embeddable":true,"href":"https:\/\/www.polygonalnorth.fi\/fi\/wp-json\/wp\/v2\/users\/1"}],"replies":[{"embeddable":true,"href":"https:\/\/www.polygonalnorth.fi\/fi\/wp-json\/wp\/v2\/comments?post=4412"}],"version-history":[{"count":32,"href":"https:\/\/www.polygonalnorth.fi\/fi\/wp-json\/wp\/v2\/pages\/4412\/revisions"}],"predecessor-version":[{"id":10566,"href":"https:\/\/www.polygonalnorth.fi\/fi\/wp-json\/wp\/v2\/pages\/4412\/revisions\/10566"}],"wp:attachment":[{"href":"https:\/\/www.polygonalnorth.fi\/fi\/wp-json\/wp\/v2\/media?parent=4412"}],"curies":[{"name":"wp","href":"https:\/\/api.w.org\/{rel}","templated":true}]}}