{"id":2636,"date":"2020-11-03T10:13:12","date_gmt":"2020-11-03T10:13:12","guid":{"rendered":"https:\/\/techlink.qodeinteractive.com\/?page_id=2636"},"modified":"2020-11-03T10:13:12","modified_gmt":"2020-11-03T10:13:12","slug":"meet-the-crew","status":"publish","type":"page","link":"https:\/\/www.polygonalnorth.fi\/fi\/meet-the-crew\/","title":{"rendered":"Meet The Crew"},"content":{"rendered":"<div data-elementor-type=\"wp-page\" data-elementor-id=\"2636\" class=\"elementor elementor-2636\">\n\t\t\t\t\t\t<section class=\"elementor-section elementor-top-section elementor-element elementor-element-5142bb8 elementor-section-full_width qodef-elementor-content-grid elementor-section-height-default elementor-section-height-default qodef-reset-grid qodef-reset-grid--never\" data-id=\"5142bb8\" data-element_type=\"section\">\n\t\t\t\t\t\t<div class=\"elementor-container elementor-column-gap-default\">\n\t\t\t\t\t<div class=\"elementor-column elementor-col-100 elementor-top-column elementor-element elementor-element-cbea4e4\" data-id=\"cbea4e4\" data-element_type=\"column\">\n\t\t\t<div class=\"elementor-widget-wrap elementor-element-populated\">\n\t\t\t\t\t\t<div class=\"elementor-element elementor-element-746563d elementor-widget__width-initial elementor-widget elementor-widget-techlink_core_section_title\" data-id=\"746563d\" data-element_type=\"widget\" data-widget_type=\"techlink_core_section_title.default\">\n\t\t\t\t<div class=\"elementor-widget-container\">\n\t\t\t\t\t<div class=\"qodef-shortcode qodef-m  qodef-section-title qodef-alignment--center\">\n\t\t<div class=\"qodef-m-content\">\n\t\t\t<div class=\"qodef-m-subtitle\" style=\"margin-bottom: 4px;font-size:13px\">\n\t\tTechlink creative personnel\t<\/div>\n\t\t\t<h2 class=\"qodef-m-title\" >\n\t\t\t\t\ttapaa tiimi\t\t\t<\/h2>\n\t\t\t<div class=\"qodef-m-text\" style=\"margin-top: 12px\">\n\t\tLorem ipsum dolor sit amet, consectetur adipiscing elit. Morbi obortis ligula euismod sededesty am augue nisl.\t<\/div>\n\t<\/div>\n<\/div>\t\t\t\t<\/div>\n\t\t\t\t<\/div>\n\t\t\t\t\t<\/div>\n\t\t<\/div>\n\t\t\t\t\t<\/div>\n\t\t<\/section>\n\t\t\t\t<section class=\"elementor-section elementor-top-section elementor-element elementor-element-92234bb elementor-section-full_width elementor-section-height-default elementor-section-height-default qodef-elementor-content-no\" data-id=\"92234bb\" data-element_type=\"section\">\n\t\t\t\t\t\t<div class=\"elementor-container elementor-column-gap-default\">\n\t\t\t\t\t<div class=\"elementor-column elementor-col-100 elementor-top-column elementor-element elementor-element-521e3e9\" data-id=\"521e3e9\" data-element_type=\"column\">\n\t\t\t<div class=\"elementor-widget-wrap elementor-element-populated\">\n\t\t\t\t\t\t<div class=\"elementor-element elementor-element-2576d5c elementor-widget elementor-widget-techlink_core_team_list\" data-id=\"2576d5c\" data-element_type=\"widget\" data-widget_type=\"techlink_core_team_list.default\">\n\t\t\t\t<div class=\"elementor-widget-container\">\n\t\t\t\t\t<div class=\"qodef-shortcode qodef-m  qodef-team-list qodef-item-layout--info-on-hover qodef--has-hover qodef-grid qodef-layout--columns  qodef-gutter--tiny qodef-col-num--4 qodef-item-layout--info-on-hover qodef--no-bottom-space qodef-pagination--off qodef-responsive--predefined\" data-options=\"{&quot;plugin&quot;:&quot;techlink_core&quot;,&quot;module&quot;:&quot;post-types\\\/team\\\/shortcodes&quot;,&quot;shortcode&quot;:&quot;team-list&quot;,&quot;post_type&quot;:&quot;team&quot;,&quot;next_page&quot;:&quot;2&quot;,&quot;max_pages_num&quot;:1,&quot;hover_animation&quot;:&quot;yes&quot;,&quot;behavior&quot;:&quot;columns&quot;,&quot;images_proportion&quot;:&quot;full&quot;,&quot;columns&quot;:&quot;4&quot;,&quot;columns_responsive&quot;:&quot;predefined&quot;,&quot;space&quot;:&quot;tiny&quot;,&quot;posts_per_page&quot;:&quot;12&quot;,&quot;orderby&quot;:&quot;date&quot;,&quot;order&quot;:&quot;ASC&quot;,&quot;additional_params&quot;:&quot;tax&quot;,&quot;tax&quot;:&quot;team-category&quot;,&quot;tax_slug&quot;:&quot;Manager&quot;,&quot;layout&quot;:&quot;info-on-hover&quot;,&quot;title_tag&quot;:&quot;h4&quot;,&quot;pagination_type&quot;:&quot;no-pagination&quot;,&quot;object_class_name&quot;:&quot;TechLinkCoreTeamListShortcode&quot;,&quot;taxonomy_filter&quot;:&quot;team-category&quot;,&quot;additional_query_args&quot;:{&quot;tax_query&quot;:[{&quot;taxonomy&quot;:&quot;team-category&quot;,&quot;field&quot;:&quot;slug&quot;,&quot;terms&quot;:&quot;Manager&quot;}]},&quot;item_classes&quot;:&quot;qodef-e qodef-grid-item&quot;,&quot;space_value&quot;:5}\">\n\t\t<div class=\"qodef-grid-inner clear\">\n\t\t<div class=\"qodef-e qodef-grid-item post-10662 team type-team status-publish has-post-thumbnail hentry team-category-manager\">\n\t<div class=\"qodef-e-inner\">\n\t\t<div class=\"qodef-e-image\">\n\t\t\t\t<div class=\"qodef-e-media-image\">\n\t\t\t\t\t<img fetchpriority=\"high\" decoding=\"async\" width=\"768\" height=\"1024\" src=\"https:\/\/www.polygonalnorth.fi\/wp-content\/uploads\/2024\/09\/gizem.jpg\" class=\"attachment-full size-full wp-post-image\" alt=\"\" srcset=\"https:\/\/www.polygonalnorth.fi\/wp-content\/uploads\/2024\/09\/gizem.jpg 768w, https:\/\/www.polygonalnorth.fi\/wp-content\/uploads\/2024\/09\/gizem-225x300.jpg 225w, https:\/\/www.polygonalnorth.fi\/wp-content\/uploads\/2024\/09\/gizem-600x800.jpg 600w\" sizes=\"(max-width: 768px) 100vw, 768px\" \/>            \t\t\t<\/div>\n\t\t<\/div>\n\t\t<div class=\"qodef-e-content\">\n\t\t\t\t<div class=\"qodef-e-role\">Projektip\u00e4\u00e4llikk\u00f6<\/div>\n\t\t\t<h4 itemprop=\"name\" class=\"qodef-e-title entry-title\" >\n\t\t\tGizem\t<\/h4>\t\t\t\t\t<\/div>\n\t<\/div>\n<\/div>\t<\/div>\n\t<\/div>\t\t\t\t<\/div>\n\t\t\t\t<\/div>\n\t\t\t\t\t<\/div>\n\t\t<\/div>\n\t\t\t\t\t<\/div>\n\t\t<\/section>\n\t\t\t\t<\/div>","protected":false},"excerpt":{"rendered":"<p>Techlink creative personnel meet the team Lorem ipsum dolor sit amet, consectetur adipiscing elit. Morbi obortis ligula euismod sededesty am augue nisl. Manager Margot Allan FB \u2212 TW \u2212 IN Developer Margot Allan FB \u2212 TW \u2212 IN Editorial Margot Allan FB \u2212 TW \u2212 IN Marketing Margot Allan FB \u2212 TW \u2212 IN Support [&hellip;]<\/p>","protected":false},"author":1,"featured_media":0,"parent":0,"menu_order":0,"comment_status":"closed","ping_status":"closed","template":"page-full-width.php","meta":{"footnotes":""},"class_list":["post-2636","page","type-page","status-publish","hentry"],"_links":{"self":[{"href":"https:\/\/www.polygonalnorth.fi\/fi\/wp-json\/wp\/v2\/pages\/2636","targetHints":{"allow":["GET"]}}],"collection":[{"href":"https:\/\/www.polygonalnorth.fi\/fi\/wp-json\/wp\/v2\/pages"}],"about":[{"href":"https:\/\/www.polygonalnorth.fi\/fi\/wp-json\/wp\/v2\/types\/page"}],"author":[{"embeddable":true,"href":"https:\/\/www.polygonalnorth.fi\/fi\/wp-json\/wp\/v2\/users\/1"}],"replies":[{"embeddable":true,"href":"https:\/\/www.polygonalnorth.fi\/fi\/wp-json\/wp\/v2\/comments?post=2636"}],"version-history":[{"count":0,"href":"https:\/\/www.polygonalnorth.fi\/fi\/wp-json\/wp\/v2\/pages\/2636\/revisions"}],"wp:attachment":[{"href":"https:\/\/www.polygonalnorth.fi\/fi\/wp-json\/wp\/v2\/media?parent=2636"}],"curies":[{"name":"wp","href":"https:\/\/api.w.org\/{rel}","templated":true}]}}