{"id":11084,"date":"2025-02-10T00:49:45","date_gmt":"2025-02-09T22:49:45","guid":{"rendered":"https:\/\/www.polygonalnorth.fi\/?page_id=11084"},"modified":"2025-02-10T00:55:35","modified_gmt":"2025-02-09T22:55:35","slug":"twin-transition","status":"publish","type":"page","link":"https:\/\/www.polygonalnorth.fi\/fi\/twin-transition\/","title":{"rendered":"Twin Transition"},"content":{"rendered":"<div data-elementor-type=\"wp-page\" data-elementor-id=\"11084\" class=\"elementor elementor-11084\">\n\t\t\t\t\t\t<section class=\"elementor-section elementor-top-section elementor-element elementor-element-260583f elementor-section-full_width elementor-section-height-default elementor-section-height-default qodef-elementor-content-no\" data-id=\"260583f\" data-element_type=\"section\">\n\t\t\t\t\t\t<div class=\"elementor-container elementor-column-gap-default\">\n\t\t\t\t\t<div class=\"elementor-column elementor-col-100 elementor-top-column elementor-element elementor-element-965d55a\" data-id=\"965d55a\" data-element_type=\"column\">\n\t\t\t<div class=\"elementor-widget-wrap\">\n\t\t\t\t\t\t\t<\/div>\n\t\t<\/div>\n\t\t\t\t\t<\/div>\n\t\t<\/section>\n\t\t\t\t<section class=\"elementor-section elementor-top-section elementor-element elementor-element-7aba042 elementor-section-full_width elementor-section-height-default elementor-section-height-default qodef-elementor-content-no\" data-id=\"7aba042\" data-element_type=\"section\">\n\t\t\t\t\t\t<div class=\"elementor-container elementor-column-gap-default\">\n\t\t\t\t\t<div class=\"elementor-column elementor-col-100 elementor-top-column elementor-element elementor-element-5699a1a\" data-id=\"5699a1a\" data-element_type=\"column\">\n\t\t\t<div class=\"elementor-widget-wrap\">\n\t\t\t\t\t\t\t<\/div>\n\t\t<\/div>\n\t\t\t\t\t<\/div>\n\t\t<\/section>\n\t\t\t\t<section class=\"elementor-section elementor-top-section elementor-element elementor-element-a280ebf elementor-section-full_width elementor-section-height-default elementor-section-height-default qodef-elementor-content-no\" data-id=\"a280ebf\" data-element_type=\"section\">\n\t\t\t\t\t\t<div class=\"elementor-container elementor-column-gap-default\">\n\t\t\t\t\t<div class=\"elementor-column elementor-col-100 elementor-top-column elementor-element elementor-element-1653e74\" data-id=\"1653e74\" data-element_type=\"column\">\n\t\t\t<div class=\"elementor-widget-wrap elementor-element-populated\">\n\t\t\t\t\t\t<div class=\"elementor-element elementor-element-da272e5 elementor-widget__width-initial elementor-widget-tablet__width-initial elementor-widget-mobile__width-initial elementor-widget elementor-widget-techlink_core_section_title\" data-id=\"da272e5\" data-element_type=\"widget\" data-widget_type=\"techlink_core_section_title.default\">\n\t\t\t\t<div class=\"elementor-widget-container\">\n\t\t\t\t\t<div class=\"qodef-shortcode qodef-m  qodef-section-title qodef-alignment--center\">\n\t\t<div class=\"qodef-m-background-text\" >2024<\/div>\n\t<div class=\"qodef-m-content\">\n\t\t\t<div class=\"qodef-m-subtitle\" style=\"margin-bottom: 4px;font-size:13px\">\n\t\tTwin Transition\t<\/div>\n\t\t\t<h2 class=\"qodef-m-title\" >\n\t\t\t\t\tDigitaalinen ja vihre\u00e4 muutos\t\t\t<\/h2>\n\t\t\t<div class=\"qodef-m-text\" style=\"margin-top: 12px\">\n\t\tKaksoismurroksella tarkoitetaan digitaalisen ja vihre\u00e4n muutoksen samanaikaista etenemist\u00e4 yrityksiss\u00e4 ja yhteiskunnissa. Siin\u00e4 yhdistyv\u00e4t \u00e4lykk\u00e4\u00e4t teknologiat ja kest\u00e4v\u00e4t k\u00e4yt\u00e4nn\u00f6t tehokkuuden, innovoinnin ja ymp\u00e4rist\u00f6vastuun edist\u00e4miseksi.\t<\/div>\n\t<\/div>\n<\/div>\t\t\t\t<\/div>\n\t\t\t\t<\/div>\n\t\t\t\t\t<\/div>\n\t\t<\/div>\n\t\t\t\t\t<\/div>\n\t\t<\/section>\n\t\t\t\t<section class=\"elementor-section elementor-top-section elementor-element elementor-element-a025a2a elementor-section-full_width qodef-elementor-content-grid elementor-section-height-default elementor-section-height-default qodef-reset-grid qodef-reset-grid--never\" data-id=\"a025a2a\" data-element_type=\"section\" data-settings=\"{&quot;background_background&quot;:&quot;classic&quot;}\">\n\t\t\t\t\t\t<div class=\"elementor-container elementor-column-gap-default\">\n\t\t\t\t\t<div class=\"elementor-column elementor-col-50 elementor-top-column elementor-element elementor-element-6db6fca\" data-id=\"6db6fca\" data-element_type=\"column\" data-settings=\"{&quot;background_background&quot;:&quot;classic&quot;}\">\n\t\t\t<div class=\"elementor-widget-wrap elementor-element-populated\">\n\t\t\t\t\t\t<div class=\"elementor-element elementor-element-fa864ca elementor-widget elementor-widget-techlink_core_floating_images\" data-id=\"fa864ca\" data-element_type=\"widget\" data-settings=\"{&quot;_animation_tablet&quot;:&quot;none&quot;}\" data-widget_type=\"techlink_core_floating_images.default\">\n\t\t\t\t<div class=\"elementor-widget-container\">\n\t\t\t\t\t<div class=\"qodef-shortcode qodef-m  qodef-floating-images qodef-alignment--left\">\n\t<div class=\"qodef-m-inner\">\n\t\t<div class=\"qodef-m-image-holder qodef-main-image-holder\">\n\t\t\t<div class=\"qodef-m-image-wrapper\">\n\t\t\t\t<img decoding=\"async\" class=\"qodef-m-main-image\"\n\t\t\t\t\tdata-width=\"70%\"\t\t\t\t\t\t\t\t\t\t src=\"https:\/\/www.polygonalnorth.fi\/wp-content\/uploads\/2020\/11\/ld-rev4-img2.png\"\n\t\t\t\t\t alt=\"ld-rev4-img2\"\/>\n\t\t\t<\/div>\n\t\t<\/div>\n\t\t<div class=\"qodef-m-image-holder qodef-aux-image-holder\">\n\t\t\t<div class=\"qodef-m-image-wrapper\">\n\t\t\t\t<img decoding=\"async\" class=\"qodef-m-aux-image\"\n\t\t\t\t\tdata-y=\"60%\" data-width=\"50%\"\t\t\t\t\t\t\t\t\t\t src=\"https:\/\/www.polygonalnorth.fi\/wp-content\/uploads\/2020\/12\/rev-imgnew2.png\"\n\t\t\t\t\t alt=\"rev-imgnew2\"\/>\n\t\t\t<\/div>\n\t\t<\/div>\n\t<\/div>\n<\/div>\n\t\t\t\t<\/div>\n\t\t\t\t<\/div>\n\t\t\t\t\t<\/div>\n\t\t<\/div>\n\t\t\t\t<div class=\"elementor-column elementor-col-50 elementor-top-column elementor-element elementor-element-47066e0\" data-id=\"47066e0\" data-element_type=\"column\">\n\t\t\t<div class=\"elementor-widget-wrap elementor-element-populated\">\n\t\t\t\t\t\t<div class=\"elementor-element elementor-element-c2f463e elementor-widget__width-inherit elementor-widget-tablet__width-auto elementor-widget-mobile__width-initial elementor-widget elementor-widget-techlink_core_section_title\" data-id=\"c2f463e\" data-element_type=\"widget\" data-widget_type=\"techlink_core_section_title.default\">\n\t\t\t\t<div class=\"elementor-widget-container\">\n\t\t\t\t\t<div class=\"qodef-shortcode qodef-m  qodef-section-title qodef-alignment--left\">\n\t\t<div class=\"qodef-m-background-text\" style=\"font-size:150\">01<\/div>\n\t<div class=\"qodef-m-content\">\n\t\t\t\t\t<h3 class=\"qodef-m-title\" >\n\t\t\t\t\tDigitaalinen transformaatio\t\t\t<\/h3>\n\t\t\t<p class=\"qodef-m-text\" >\n\t\t- Data-analytiikka ja teko\u00e4lyyn perustuva p\u00e4\u00e4t\u00f6ksenteko\n- \u00c4lyk\u00e4s automaatio &amp; IoT-ratkaisut\n- Pilvilaskenta ja kyberturvallisuus\n\t<\/p>\n\t<\/div>\n<\/div>\t\t\t\t<\/div>\n\t\t\t\t<\/div>\n\t\t\t\t\t<\/div>\n\t\t<\/div>\n\t\t\t\t\t<\/div>\n\t\t<\/section>\n\t\t\t\t<section class=\"elementor-section elementor-top-section elementor-element elementor-element-bf12bee elementor-section-full_width qodef-elementor-content-grid elementor-section-height-default elementor-section-height-default qodef-reset-grid qodef-reset-grid--never\" data-id=\"bf12bee\" data-element_type=\"section\">\n\t\t\t\t\t\t<div class=\"elementor-container elementor-column-gap-default\">\n\t\t\t\t\t<div class=\"elementor-column elementor-col-50 elementor-top-column elementor-element elementor-element-e16e504\" data-id=\"e16e504\" data-element_type=\"column\">\n\t\t\t<div class=\"elementor-widget-wrap elementor-element-populated\">\n\t\t\t\t\t\t<div class=\"elementor-element elementor-element-4023a6b elementor-widget__width-initial elementor-widget elementor-widget-techlink_core_section_title\" data-id=\"4023a6b\" data-element_type=\"widget\" data-widget_type=\"techlink_core_section_title.default\">\n\t\t\t\t<div class=\"elementor-widget-container\">\n\t\t\t\t\t<div class=\"qodef-shortcode qodef-m  qodef-section-title qodef-alignment--left\">\n\t\t<div class=\"qodef-m-background-text\" style=\"left: -8px\">02<\/div>\n\t<div class=\"qodef-m-content\">\n\t\t\t\t\t<h3 class=\"qodef-m-title\" >\n\t\t\t\t\tVihre\u00e4 siirtym\u00e4\t\t\t<\/h3>\n\t\t\t<p class=\"qodef-m-text\" >\n\t\t- Kest\u00e4v\u00e4n energian konsultointi\n- Hiilijalanj\u00e4ljen seuranta\n- ESG-raportointi ja vaatimustenmukaisuus\t<\/p>\n\t<\/div>\n<\/div>\t\t\t\t<\/div>\n\t\t\t\t<\/div>\n\t\t\t\t\t<\/div>\n\t\t<\/div>\n\t\t\t\t<div class=\"elementor-column elementor-col-50 elementor-top-column elementor-element elementor-element-36dad01\" data-id=\"36dad01\" data-element_type=\"column\">\n\t\t\t<div class=\"elementor-widget-wrap elementor-element-populated\">\n\t\t\t\t\t\t<div class=\"elementor-element elementor-element-77e6e18 elementor-widget elementor-widget-techlink_core_floating_images\" data-id=\"77e6e18\" data-element_type=\"widget\" data-widget_type=\"techlink_core_floating_images.default\">\n\t\t\t\t<div class=\"elementor-widget-container\">\n\t\t\t\t\t<div class=\"qodef-shortcode qodef-m  qodef-floating-images qodef-alignment--center\">\n\t<div class=\"qodef-m-inner\">\n\t\t<div class=\"qodef-m-image-holder qodef-main-image-holder\">\n\t\t\t<div class=\"qodef-m-image-wrapper\">\n\t\t\t\t<img decoding=\"async\" class=\"qodef-m-main-image\"\n\t\t\t\t\tdata-width=\"50%\"\t\t\t\t\t\t\t\t\t\t src=\"https:\/\/www.polygonalnorth.fi\/wp-content\/uploads\/2020\/11\/h12-portfolio-list-img2.jpg\"\n\t\t\t\t\t alt=\"h12-portfolio-list-img2\"\/>\n\t\t\t<\/div>\n\t\t<\/div>\n\t\t<div class=\"qodef-m-image-holder qodef-aux-image-holder\">\n\t\t\t<div class=\"qodef-m-image-wrapper\">\n\t\t\t\t<img decoding=\"async\" class=\"qodef-m-aux-image\"\n\t\t\t\t\tdata-y=\"70%\" data-width=\"100%\"\t\t\t\t\t\t\t\t\t\t src=\"https:\/\/www.polygonalnorth.fi\/wp-content\/uploads\/2021\/04\/WhatsApp-Image-2021-04-08-at-23.42.45.jpeg\"\n\t\t\t\t\t alt=\"WhatsApp Image 2021-04-08 at 23.42.45\"\/>\n\t\t\t<\/div>\n\t\t<\/div>\n\t<\/div>\n<\/div>\n\t\t\t\t<\/div>\n\t\t\t\t<\/div>\n\t\t\t\t\t<\/div>\n\t\t<\/div>\n\t\t\t\t\t<\/div>\n\t\t<\/section>\n\t\t\t\t<section class=\"elementor-section elementor-top-section elementor-element elementor-element-94ed303 elementor-section-full_width elementor-section-height-default elementor-section-height-default qodef-elementor-content-no\" data-id=\"94ed303\" data-element_type=\"section\">\n\t\t\t\t\t\t<div class=\"elementor-container elementor-column-gap-default\">\n\t\t\t\t\t<div class=\"elementor-column elementor-col-100 elementor-top-column elementor-element elementor-element-6324b20\" data-id=\"6324b20\" data-element_type=\"column\">\n\t\t\t<div class=\"elementor-widget-wrap\">\n\t\t\t\t\t\t\t<\/div>\n\t\t<\/div>\n\t\t\t\t\t<\/div>\n\t\t<\/section>\n\t\t\t\t<section class=\"elementor-section elementor-top-section elementor-element elementor-element-fb28aa8 elementor-section-full_width qodef-elementor-content-grid elementor-section-height-default elementor-section-height-default qodef-reset-grid qodef-reset-grid--never\" data-id=\"fb28aa8\" data-element_type=\"section\">\n\t\t\t\t\t\t<div class=\"elementor-container elementor-column-gap-default\">\n\t\t\t\t\t<div class=\"elementor-column elementor-col-50 elementor-top-column elementor-element elementor-element-977734f\" data-id=\"977734f\" data-element_type=\"column\" data-settings=\"{&quot;background_background&quot;:&quot;classic&quot;}\">\n\t\t\t<div class=\"elementor-widget-wrap elementor-element-populated\">\n\t\t\t\t\t\t<div class=\"elementor-element elementor-element-b24eb3b elementor-widget elementor-widget-techlink_core_floating_images\" data-id=\"b24eb3b\" data-element_type=\"widget\" data-settings=\"{&quot;_animation_tablet&quot;:&quot;none&quot;}\" data-widget_type=\"techlink_core_floating_images.default\">\n\t\t\t\t<div class=\"elementor-widget-container\">\n\t\t\t\t\t<div class=\"qodef-shortcode qodef-m  qodef-floating-images qodef-alignment--left\">\n\t<div class=\"qodef-m-inner\">\n\t\t<div class=\"qodef-m-image-holder qodef-main-image-holder\">\n\t\t\t<div class=\"qodef-m-image-wrapper\">\n\t\t\t\t<img decoding=\"async\" class=\"qodef-m-main-image\"\n\t\t\t\t\tdata-width=\"60%\"\t\t\t\t\t\t\t\t\t\t src=\"https:\/\/www.polygonalnorth.fi\/wp-content\/uploads\/2020\/12\/h8-rev-img2.png\"\n\t\t\t\t\t alt=\"h8-rev-img2\"\/>\n\t\t\t<\/div>\n\t\t<\/div>\n\t\t<div class=\"qodef-m-image-holder qodef-aux-image-holder\">\n\t\t\t<div class=\"qodef-m-image-wrapper\">\n\t\t\t\t<img decoding=\"async\" class=\"qodef-m-aux-image\"\n\t\t\t\t\tdata-x=\"-20%\" data-y=\"50%\" data-width=\"100%\"\t\t\t\t\t\t\t\t\t\t src=\"https:\/\/www.polygonalnorth.fi\/wp-content\/uploads\/2020\/11\/h12-portfolio-list-img5.jpg\"\n\t\t\t\t\t alt=\"h12-portfolio-list-img5\"\/>\n\t\t\t<\/div>\n\t\t<\/div>\n\t<\/div>\n<\/div>\n\t\t\t\t<\/div>\n\t\t\t\t<\/div>\n\t\t\t\t\t<\/div>\n\t\t<\/div>\n\t\t\t\t<div class=\"elementor-column elementor-col-50 elementor-top-column elementor-element elementor-element-6ee2b09\" data-id=\"6ee2b09\" data-element_type=\"column\">\n\t\t\t<div class=\"elementor-widget-wrap elementor-element-populated\">\n\t\t\t\t\t\t<div class=\"elementor-element elementor-element-f7d15c5 elementor-widget__width-initial elementor-widget-tablet__width-auto elementor-widget-mobile__width-initial elementor-widget elementor-widget-techlink_core_section_title\" data-id=\"f7d15c5\" data-element_type=\"widget\" data-widget_type=\"techlink_core_section_title.default\">\n\t\t\t\t<div class=\"elementor-widget-container\">\n\t\t\t\t\t<div class=\"qodef-shortcode qodef-m  qodef-section-title qodef-alignment--left\">\n\t\t<div class=\"qodef-m-background-text\" >03<\/div>\n\t<div class=\"qodef-m-content\">\n\t\t\t\t\t<h3 class=\"qodef-m-title\" >\n\t\t\t\t\tTwin Transition -taitojen kehitt\u00e4minen\t\t\t<\/h3>\n\t\t\t<p class=\"qodef-m-text\" >\n\t\t- Vihre\u00e4n digitaalisuuden t\u00e4ydennyskoulutusohjelmat\n- \u00c4lyk\u00e4s valmistus ja kiertotalous -koulutus\n- Digitaalisen kest\u00e4vyyden johtaminen\t<\/p>\n\t<\/div>\n<\/div>\t\t\t\t<\/div>\n\t\t\t\t<\/div>\n\t\t\t\t\t<\/div>\n\t\t<\/div>\n\t\t\t\t\t<\/div>\n\t\t<\/section>\n\t\t\t\t<section class=\"elementor-section elementor-top-section elementor-element elementor-element-e8099bc elementor-section-full_width elementor-section-height-default elementor-section-height-default qodef-elementor-content-no\" data-id=\"e8099bc\" data-element_type=\"section\">\n\t\t\t\t\t\t<div class=\"elementor-container elementor-column-gap-default\">\n\t\t\t\t\t<div class=\"elementor-column elementor-col-100 elementor-top-column elementor-element elementor-element-3165879\" data-id=\"3165879\" data-element_type=\"column\">\n\t\t\t<div class=\"elementor-widget-wrap elementor-element-populated\">\n\t\t\t\t\t\t<div class=\"elementor-element elementor-element-6637397 elementor-widget__width-initial elementor-widget-tablet__width-initial elementor-widget-mobile__width-initial elementor-widget elementor-widget-techlink_core_section_title\" data-id=\"6637397\" data-element_type=\"widget\" data-widget_type=\"techlink_core_section_title.default\">\n\t\t\t\t<div class=\"elementor-widget-container\">\n\t\t\t\t\t<div class=\"qodef-shortcode qodef-m  qodef-section-title qodef-alignment--center\">\n\t\t<div class=\"qodef-m-background-text\" >&#039;&#039;<\/div>\n\t<div class=\"qodef-m-content\">\n\t\t\t\t\t\t\t<div class=\"qodef-m-text\" style=\"margin-top: 12px\">\n\t\tAnnamme yrityksille, kouluttajille ja oppilaitoksille valmiudet navigoida tehokkaasti kaksoismurroksessa, jotta talous olisi kest\u00e4v\u00e4 ja valmis tulevaisuuteen.\t<\/div>\n\t<\/div>\n<\/div>\t\t\t\t<\/div>\n\t\t\t\t<\/div>\n\t\t\t\t\t<\/div>\n\t\t<\/div>\n\t\t\t\t\t<\/div>\n\t\t<\/section>\n\t\t\t\t<\/div>","protected":false},"excerpt":{"rendered":"<p>2024 Twin Transition Digital &amp; Green Transformation Twin transition refers to the simultaneous advancement of digital and green transformations in businesses and societies. It integrates smart technologies and sustainable practices to drive efficiency, innovation, and environmental responsibility. 01 Digital Transformation \u2022 Data analytics &amp; AI-driven decision-making \u2022 Smart automation &amp; IoT solutions \u2022 Cloud computing [&hellip;]<\/p>","protected":false},"author":1,"featured_media":0,"parent":0,"menu_order":0,"comment_status":"closed","ping_status":"closed","template":"page-full-width.php","meta":{"footnotes":""},"class_list":["post-11084","page","type-page","status-publish","hentry"],"_links":{"self":[{"href":"https:\/\/www.polygonalnorth.fi\/fi\/wp-json\/wp\/v2\/pages\/11084","targetHints":{"allow":["GET"]}}],"collection":[{"href":"https:\/\/www.polygonalnorth.fi\/fi\/wp-json\/wp\/v2\/pages"}],"about":[{"href":"https:\/\/www.polygonalnorth.fi\/fi\/wp-json\/wp\/v2\/types\/page"}],"author":[{"embeddable":true,"href":"https:\/\/www.polygonalnorth.fi\/fi\/wp-json\/wp\/v2\/users\/1"}],"replies":[{"embeddable":true,"href":"https:\/\/www.polygonalnorth.fi\/fi\/wp-json\/wp\/v2\/comments?post=11084"}],"version-history":[{"count":4,"href":"https:\/\/www.polygonalnorth.fi\/fi\/wp-json\/wp\/v2\/pages\/11084\/revisions"}],"predecessor-version":[{"id":11088,"href":"https:\/\/www.polygonalnorth.fi\/fi\/wp-json\/wp\/v2\/pages\/11084\/revisions\/11088"}],"wp:attachment":[{"href":"https:\/\/www.polygonalnorth.fi\/fi\/wp-json\/wp\/v2\/media?parent=11084"}],"curies":[{"name":"wp","href":"https:\/\/api.w.org\/{rel}","templated":true}]}}